{"id":7439,"date":"2018-09-12T09:35:58","date_gmt":"2018-09-12T08:35:58","guid":{"rendered":"http:\/\/www.vs-halbturn.at\/wordpress\/?page_id=7439"},"modified":"2018-09-12T10:05:25","modified_gmt":"2018-09-12T09:05:25","slug":"datenschutz","status":"publish","type":"page","link":"https:\/\/www.vs-halbturn.at\/wordpress\/datenschutz\/","title":{"rendered":"Datenschutz"},"content":{"rendered":"<div align=\"center\">\n<h1><span style=\"color: #ff00ff;\">Datenschutzerkl\u00e4rung der Volksschule Halbturn<\/span><\/h1>\n<\/div>\n<p>Die Volksschule Halbturn ist sich ihrer gro\u00dfen Verantwortung bei der Verarbeitung personenbezogener Daten bewusst und verpflichtet sich daher im Rahmen ihrer gesellschaftlichen Verantwortung zur vollst\u00e4ndigen\u00a0 Einhaltung von Datenschutzrechten gem\u00e4\u00df DSGVO.<\/p>\n<p>Genaue Infos unter <a href=\"https:\/\/bildung.bmbwf.gv.at\/schulen\/datenschutz\/index.html\" target=\"_blank\" rel=\"noopener\">https:\/\/bildung.bmbwf.gv.at\/schulen\/datenschutz\/index.html<\/a><\/p>\n<p>Die Pers\u00f6nlichkeitsrechte und die Privatsph\u00e4re eines jeden Einzelnen zu wahren, ist f\u00fcr uns oberste Priorit\u00e4t im Umgang mit personenbezogenen Daten.<\/p>\n<p>Wir handeln hierbei nach den Grunds\u00e4tzen von Rechtm\u00e4\u00dfigkeit, Transparenz, Zweckbindung, Speicherbegrenzung und Datensicherheit.<\/p>\n<p>Verantwortlich: VS Halbturn, <a href=\"mailto:vs.halbturn@bildungsserver.com\">vs.halbturn@bildungsserver.com<\/a><br \/>\nKontaktadresse des Datenschutzbeauftragten: <a href=\"mailto:datenschutz@lsr-bgld.gv.at\">datenschutz@lsr-bgld.gv.at<\/a><\/p>\n","protected":false},"excerpt":{"rendered":"<p>Datenschutzerkl\u00e4rung der Volksschule Halbturn Die Volksschule Halbturn ist sich ihrer gro\u00dfen Verantwortung bei der Verarbeitung personenbezogener Daten bewusst und verpflichtet sich daher im Rahmen ihrer gesellschaftlichen Verantwortung zur vollst\u00e4ndigen\u00a0 Einhaltung von Datenschutzrechten gem\u00e4\u00df DSGVO. Genaue Infos unter https:\/\/bildung.bmbwf.gv.at\/schulen\/datenschutz\/index.html Die Pers\u00f6nlichkeitsrechte und die Privatsph\u00e4re eines jeden Einzelnen zu wahren, ist f\u00fcr uns oberste Priorit\u00e4t im Umgang [&hellip;]<\/p>\n","protected":false},"author":1,"featured_media":0,"parent":0,"menu_order":0,"comment_status":"closed","ping_status":"closed","template":"","meta":{"ngg_post_thumbnail":0,"footnotes":""},"class_list":["post-7439","page","type-page","status-publish","hentry"],"_links":{"self":[{"href":"https:\/\/www.vs-halbturn.at\/wordpress\/wp-json\/wp\/v2\/pages\/7439","targetHints":{"allow":["GET"]}}],"collection":[{"href":"https:\/\/www.vs-halbturn.at\/wordpress\/wp-json\/wp\/v2\/pages"}],"about":[{"href":"https:\/\/www.vs-halbturn.at\/wordpress\/wp-json\/wp\/v2\/types\/page"}],"author":[{"embeddable":true,"href":"https:\/\/www.vs-halbturn.at\/wordpress\/wp-json\/wp\/v2\/users\/1"}],"replies":[{"embeddable":true,"href":"https:\/\/www.vs-halbturn.at\/wordpress\/wp-json\/wp\/v2\/comments?post=7439"}],"version-history":[{"count":7,"href":"https:\/\/www.vs-halbturn.at\/wordpress\/wp-json\/wp\/v2\/pages\/7439\/revisions"}],"predecessor-version":[{"id":7457,"href":"https:\/\/www.vs-halbturn.at\/wordpress\/wp-json\/wp\/v2\/pages\/7439\/revisions\/7457"}],"wp:attachment":[{"href":"https:\/\/www.vs-halbturn.at\/wordpress\/wp-json\/wp\/v2\/media?parent=7439"}],"curies":[{"name":"wp","href":"https:\/\/api.w.org\/{rel}","templated":true}]}}