{"id":25,"date":"2014-12-07T20:15:14","date_gmt":"2014-12-07T19:15:14","guid":{"rendered":"http:\/\/www.vs-halbturn.at\/wordpress\/?page_id=25"},"modified":"2025-10-17T12:30:22","modified_gmt":"2025-10-17T11:30:22","slug":"lehrerinnen","status":"publish","type":"page","link":"https:\/\/www.vs-halbturn.at\/wordpress\/lehrerinnen\/","title":{"rendered":"LehrerInnen"},"content":{"rendered":"<h1 style=\"text-align: center;\"><span style=\"color: #800080;\">Das erfolgreiche Team im Schuljahr 2025\/26<\/span><\/h1>\n<p>&nbsp;<\/p>\n<p style=\"text-align: center;\">&nbsp; &nbsp; &nbsp;<span style=\"color: #800080;\"><strong>Dipl. P\u00e4d. Susanne Finster &#8211; BEd &#8211; 1.Klasse<\/strong><\/span><\/p>\n<p style=\"text-align: center;\">&nbsp;&nbsp; <span style=\"color: #800080;\"><strong>Roswitha Linke, BEd MA MEd &#8211; 2.Klasse<\/strong><\/span><\/p>\n<p style=\"text-align: center;\"><strong><span style=\"color: #800080;\">Dipl. P\u00e4d. Michaela Pfeller, BEd &#8211; 3. Klasse<br \/>\n<\/span><\/strong><\/p>\n<p style=\"text-align: center;\"><strong><span style=\"color: #800080;\">Dipl. P\u00e4d. Christine Jezik &#8211; 4. Klasse<\/span><\/strong><\/p>\n<p style=\"text-align: center;\">&nbsp;<\/p>\n<p style=\"text-align: center;\"><strong><span style=\"color: #800080;\">Dipl. P\u00e4d. Ruth Rabel, Schulleitung, Teamlehrerin<br \/>\n<\/span><\/strong><\/p>\n<p style=\"text-align: center;\">&nbsp;<\/p>\n<p style=\"text-align: center;\"><span style=\"color: #800080;\"><strong>Dipl.P\u00e4d. Linda Gl\u00fcck, BEd &#8211; kath. Religionslehrerin<\/strong><\/span><\/p>\n<p style=\"text-align: center;\"><strong><span style=\"color: #800080;\">Dipl.P\u00e4d. Andreas Forjan, BEd &#8211; kath. Religionslehrer<\/span><\/strong><\/p>\n<p style=\"text-align: center;\"><span style=\"color: #800080;\"><strong>Katrin Wallner-Flint, Englischlehrerin (Native Speaker)<\/strong><\/span><\/p>\n<p style=\"text-align: center;\">&nbsp;<\/p>\n<p style=\"text-align: center;\"><strong><span style=\"color: #800080;\">Dipl. P\u00e4d. Elisabeth Thury &#8211; Sprachheillehrerin<\/span><\/strong><\/p>\n<p>&nbsp;<\/p>\n<p style=\"text-align: center;\"><strong><span style=\"color: #800080;\">&nbsp; Schulassistenz Renate Hamm-Zechmann<\/span><\/strong><\/p>\n<p style=\"text-align: center;\"><strong><span style=\"color: #800080;\">&nbsp; Theresia Unger &#8211; Lesepatin<br \/>\n<\/span><\/strong><\/p>\n<p style=\"text-align: center;\"><span style=\"color: #800080;\"><strong>Anita Bukri &#8211;&nbsp; Bewegungscoach<\/strong> <\/span><\/p>\n<p style=\"text-align: center;\">&nbsp;&nbsp;&nbsp;&nbsp;&nbsp;&nbsp; <strong><span style=\"color: #800080;\">Sylvia Rappold &#8211; Freizeitp\u00e4dagogin<\/span><\/strong><\/p>\n<p>&nbsp;<\/p>\n<p style=\"text-align: center;\"><span style=\"color: #800080;\"><strong>Bettina Weiss &#8211; Schulwartin<br \/>\n<\/strong><\/span><\/p>\n<p style=\"text-align: center;\"><span style=\"color: #800080;\"><strong>Pia Dezomics &#8211; Raumpflegerin<br \/>\n<\/strong><\/span><\/p>\n<p style=\"text-align: center;\"><strong><span style=\"color: #800080;\">&nbsp;&nbsp;&nbsp;&nbsp;&nbsp;&nbsp;&nbsp;&nbsp;&nbsp;&nbsp;&nbsp;&nbsp;&nbsp;&nbsp;&nbsp;&nbsp;&nbsp;&nbsp;&nbsp;&nbsp;&nbsp;&nbsp;&nbsp;&nbsp;&nbsp;&nbsp;&nbsp;&nbsp;&nbsp;&nbsp;&nbsp;&nbsp;&nbsp;&nbsp;&nbsp;&nbsp;&nbsp;&nbsp;&nbsp;&nbsp;&nbsp;<\/span> <\/strong>&nbsp;&nbsp; <span style=\"color: #800080;\"><strong><br \/>\n<\/strong><\/span><\/p>\n<p>&nbsp;<\/p>\n<p>&nbsp;<\/p>\n","protected":false},"excerpt":{"rendered":"<p>Das erfolgreiche Team im Schuljahr 2025\/26 &nbsp; &nbsp; &nbsp; &nbsp;Dipl. P\u00e4d. Susanne Finster &#8211; BEd &#8211; 1.Klasse &nbsp;&nbsp; Roswitha Linke, BEd MA MEd &#8211; 2.Klasse Dipl. P\u00e4d. Michaela Pfeller, BEd &#8211; 3. Klasse Dipl. P\u00e4d. Christine Jezik &#8211; 4. Klasse &nbsp; Dipl. P\u00e4d. Ruth Rabel, Schulleitung, Teamlehrerin &nbsp; Dipl.P\u00e4d. Linda Gl\u00fcck, BEd &#8211; kath. Religionslehrerin [&hellip;]<\/p>\n","protected":false},"author":1,"featured_media":0,"parent":0,"menu_order":0,"comment_status":"closed","ping_status":"closed","template":"","meta":{"ngg_post_thumbnail":0,"footnotes":""},"class_list":["post-25","page","type-page","status-publish","hentry"],"_links":{"self":[{"href":"https:\/\/www.vs-halbturn.at\/wordpress\/wp-json\/wp\/v2\/pages\/25","targetHints":{"allow":["GET"]}}],"collection":[{"href":"https:\/\/www.vs-halbturn.at\/wordpress\/wp-json\/wp\/v2\/pages"}],"about":[{"href":"https:\/\/www.vs-halbturn.at\/wordpress\/wp-json\/wp\/v2\/types\/page"}],"author":[{"embeddable":true,"href":"https:\/\/www.vs-halbturn.at\/wordpress\/wp-json\/wp\/v2\/users\/1"}],"replies":[{"embeddable":true,"href":"https:\/\/www.vs-halbturn.at\/wordpress\/wp-json\/wp\/v2\/comments?post=25"}],"version-history":[{"count":126,"href":"https:\/\/www.vs-halbturn.at\/wordpress\/wp-json\/wp\/v2\/pages\/25\/revisions"}],"predecessor-version":[{"id":15619,"href":"https:\/\/www.vs-halbturn.at\/wordpress\/wp-json\/wp\/v2\/pages\/25\/revisions\/15619"}],"wp:attachment":[{"href":"https:\/\/www.vs-halbturn.at\/wordpress\/wp-json\/wp\/v2\/media?parent=25"}],"curies":[{"name":"wp","href":"https:\/\/api.w.org\/{rel}","templated":true}]}}