{"id":10,"date":"2014-12-07T20:09:46","date_gmt":"2014-12-07T19:09:46","guid":{"rendered":"http:\/\/www.vs-halbturn.at\/wordpress\/?page_id=10"},"modified":"2024-09-06T08:12:06","modified_gmt":"2024-09-06T07:12:06","slug":"leitbilder","status":"publish","type":"page","link":"https:\/\/www.vs-halbturn.at\/wordpress\/leitbilder\/","title":{"rendered":"Leitbild"},"content":{"rendered":"<h1 style=\"text-align: center;\"><span style=\"color: #008000;\">Unser Leitbild<\/span><\/h1>\n<h1 style=\"text-align: center;\"><span style=\"color: #ffcc00;\">\u201eIch hab dich gern und m\u00f6chte dir helfen so zu werden, wie Gott dich gedacht hat.\u201c<\/span><\/h1>\n<p><img loading=\"lazy\" decoding=\"async\" class=\"wp-image-12854 aligncenter\" src=\"https:\/\/www.vs-halbturn.at\/wordpress\/wp-content\/uploads\/2023\/01\/20230111_121113-scaled.jpg\" alt=\"\" width=\"741\" height=\"556\" srcset=\"https:\/\/www.vs-halbturn.at\/wordpress\/wp-content\/uploads\/2023\/01\/20230111_121113-scaled.jpg 2560w, https:\/\/www.vs-halbturn.at\/wordpress\/wp-content\/uploads\/2023\/01\/20230111_121113-768x576.jpg 768w, https:\/\/www.vs-halbturn.at\/wordpress\/wp-content\/uploads\/2023\/01\/20230111_121113-1536x1152.jpg 1536w, https:\/\/www.vs-halbturn.at\/wordpress\/wp-content\/uploads\/2023\/01\/20230111_121113-2048x1536.jpg 2048w, https:\/\/www.vs-halbturn.at\/wordpress\/wp-content\/uploads\/2023\/01\/20230111_121113-624x468.jpg 624w\" sizes=\"auto, (max-width: 741px) 100vw, 741px\" \/><\/p>\n<h1 style=\"text-align: center;\"><span style=\"color: #008000;\">Was uns wichtig ist \u2026<\/span><\/h1>\n<h1 style=\"text-align: center;\"><span style=\"color: #99cc00;\">\u2666 ein gesch\u00fctzter Raum aus Einf\u00fchlsamkeit, Best\u00e4ndigkeit und Zuverl\u00e4ssigkeit<\/span><\/h1>\n<h1 style=\"text-align: center;\"><span style=\"color: #99cc00;\">\u2666 konsequente F\u00fchrung, die vern\u00fcnftige Regeln und Grenzen klar definiert und ihre<br \/>\nEinhaltung einfordert<\/span><\/h1>\n<h1 style=\"text-align: center;\"><span style=\"color: #99cc00;\">\u2666 Achtung der kindlichen Pers\u00f6nlichkeit und<br \/>\nEntfaltung ihrer spezifischen Anlagen<\/span><\/h1>\n<h1 style=\"text-align: center;\"><span style=\"color: #99cc00;\">\u2666 St\u00e4rkung von Selbstbewusstsein und Selbstsicherheit<\/span><\/h1>\n<h1 style=\"text-align: center;\"><span style=\"color: #99cc00;\">\u2666 Toleranz, Respekt und Achtung in Sprache und Tun<\/span><\/h1>\n<h1 style=\"text-align: center;\"><span style=\"color: #99cc00;\">\u2666 Verantwortungsbewusster Umgang miteinander und mit<br \/>\nGottes Sch\u00f6pfung<\/span><\/h1>\n<h1 style=\"text-align: center;\"><span style=\"color: #99cc00;\">\u2666 Entwicklung der F\u00e4higkeit selbst\u00e4ndig und effektiv Wissen zu erwerben<\/span><\/h1>\n<h1 style=\"text-align: center;\"><span style=\"color: #99cc00;\">\u2666 Gemeinsames Verantwortungsbewusstsein innerhalb der<br \/>\nSchulpartner<\/span><\/h1>\n<h1 style=\"text-align: center;\"><span style=\"color: #99cc00;\">\u2666 Solide Grundausbildung als Basis f\u00fcr weiterf\u00fchrende<br \/>\nSchulen<\/span><\/h1>\n<h1 style=\"text-align: center;\"><span style=\"color: #ffcc00;\">\u201eNicht nur deine Leistungen sollen gl\u00e4nzen, sondern auch deine Augen!\u201c<\/span><\/h1>\n","protected":false},"excerpt":{"rendered":"<p>Unser Leitbild \u201eIch hab dich gern und m\u00f6chte dir helfen so zu werden, wie Gott dich gedacht hat.\u201c Was uns wichtig ist \u2026 \u2666 ein gesch\u00fctzter Raum aus Einf\u00fchlsamkeit, Best\u00e4ndigkeit und Zuverl\u00e4ssigkeit \u2666 konsequente F\u00fchrung, die vern\u00fcnftige Regeln und Grenzen klar definiert und ihre Einhaltung einfordert \u2666 Achtung der kindlichen Pers\u00f6nlichkeit und Entfaltung ihrer spezifischen [&hellip;]<\/p>\n","protected":false},"author":1,"featured_media":0,"parent":0,"menu_order":0,"comment_status":"closed","ping_status":"closed","template":"","meta":{"ngg_post_thumbnail":0,"footnotes":""},"class_list":["post-10","page","type-page","status-publish","hentry"],"_links":{"self":[{"href":"https:\/\/www.vs-halbturn.at\/wordpress\/wp-json\/wp\/v2\/pages\/10","targetHints":{"allow":["GET"]}}],"collection":[{"href":"https:\/\/www.vs-halbturn.at\/wordpress\/wp-json\/wp\/v2\/pages"}],"about":[{"href":"https:\/\/www.vs-halbturn.at\/wordpress\/wp-json\/wp\/v2\/types\/page"}],"author":[{"embeddable":true,"href":"https:\/\/www.vs-halbturn.at\/wordpress\/wp-json\/wp\/v2\/users\/1"}],"replies":[{"embeddable":true,"href":"https:\/\/www.vs-halbturn.at\/wordpress\/wp-json\/wp\/v2\/comments?post=10"}],"version-history":[{"count":20,"href":"https:\/\/www.vs-halbturn.at\/wordpress\/wp-json\/wp\/v2\/pages\/10\/revisions"}],"predecessor-version":[{"id":14561,"href":"https:\/\/www.vs-halbturn.at\/wordpress\/wp-json\/wp\/v2\/pages\/10\/revisions\/14561"}],"wp:attachment":[{"href":"https:\/\/www.vs-halbturn.at\/wordpress\/wp-json\/wp\/v2\/media?parent=10"}],"curies":[{"name":"wp","href":"https:\/\/api.w.org\/{rel}","templated":true}]}}